{"id":12,"date":"2023-11-12T07:09:45","date_gmt":"2023-11-12T07:09:45","guid":{"rendered":"https:\/\/nocturnosrockshow.com\/?page_id=12"},"modified":"2024-04-01T18:20:59","modified_gmt":"2024-04-01T18:20:59","slug":"nocturnos-rock-shop","status":"publish","type":"page","link":"https:\/\/nocturnosrockshow.com\/index.php\/nocturnos-rock-shop\/","title":{"rendered":"Nocturnos Rock Shop"},"content":{"rendered":"\n<p>Bienvenidos a nuestra tienda online! aqu\u00ed podras obtener todo el merch dedicado a nuestro programa!<\/p>\n\n\n\n<p>Y tambien instrumentos, Pedales, Accesorios y todo lo relacionado a crear M\u00fasica! Desde ya AGRADECEMOS tu apoyo incondicional al comprar en nuestra tienda propia nos ayudas a poder mejorar el programa y las actividades que podamos realizar! MUCHAS GRACIAS!<\/p>\n\n\n\n<div class=\"wp-block-columns is-layout-flex wp-container-core-columns-is-layout-9d6595d7 wp-block-columns-is-layout-flex\">\n<div class=\"wp-block-column is-layout-flow wp-block-column-is-layout-flow\">\n<a target=\"_blank\" href=\"https:\/\/shareasale.com\/r.cfm?b=2247355&amp;u=1357158&amp;m=111907&amp;urllink=&amp;afftrack=\" rel=\"noopener\"><img decoding=\"async\" src=\"https:\/\/static.shareasale.com\/image\/111907\/Donner300x250.jpg\" border=\"0\" alt=\"Donner Music\" \/><\/a>\n<\/div>\n\n\n\n<div class=\"wp-block-column is-layout-flow wp-block-column-is-layout-flow\">\n<figure class=\"wp-block-image size-full is-resized\"><a href=\"https:\/\/nocturnosrockshow.com\/index.php\/resenas-de-equipos\/linea-tam-doblea-pedalboards\/\" target=\"_blank\" rel=\"noreferrer noopener\"><img loading=\"lazy\" decoding=\"async\" width=\"600\" height=\"600\" src=\"https:\/\/nocturnosrockshow.com\/wp-content\/uploads\/2024\/03\/dobleaLogo.jpg\" alt=\"\" class=\"wp-image-58\" style=\"width:252px;height:auto\" srcset=\"https:\/\/nocturnosrockshow.com\/wp-content\/uploads\/2024\/03\/dobleaLogo.jpg 600w, https:\/\/nocturnosrockshow.com\/wp-content\/uploads\/2024\/03\/dobleaLogo-300x300.jpg 300w, https:\/\/nocturnosrockshow.com\/wp-content\/uploads\/2024\/03\/dobleaLogo-150x150.jpg 150w\" sizes=\"auto, (max-width: 600px) 100vw, 600px\" \/><\/a><\/figure>\n<\/div>\n\n\n\n<div class=\"wp-block-column is-layout-flow wp-block-column-is-layout-flow\">\n<a target=\"_blank\" href=\"https:\/\/shareasale.com\/u.cfm?d=822465&amp;m=111907&amp;u=1357158&amp;afftrack=\" rel=\"noopener\"><img decoding=\"async\" src=\"https:\/\/static.shareasale.com\/image\/111907\/Untitleddesign-Max-Quality.jpg\" border=\"0\" \/><\/a>\n<\/div>\n<\/div>\n\n\n\n<div class=\"wp-block-columns is-layout-flex wp-container-core-columns-is-layout-9d6595d7 wp-block-columns-is-layout-flex\">\n<div class=\"wp-block-column is-layout-flow wp-block-column-is-layout-flow\">\n<figure class=\"wp-block-image size-full\"><a href=\"https:\/\/www.sonicake.com?sca_ref=5833776.5YiIxQ86am&amp;sca_source=NocturnosWeb\" target=\"_blank\" rel=\"noreferrer noopener\"><img loading=\"lazy\" decoding=\"async\" width=\"320\" height=\"320\" src=\"https:\/\/nocturnosrockshow.com\/wp-content\/uploads\/2024\/04\/SonicakeLogo.png\" alt=\"\" class=\"wp-image-237\" srcset=\"https:\/\/nocturnosrockshow.com\/wp-content\/uploads\/2024\/04\/SonicakeLogo.png 320w, https:\/\/nocturnosrockshow.com\/wp-content\/uploads\/2024\/04\/SonicakeLogo-300x300.png 300w, https:\/\/nocturnosrockshow.com\/wp-content\/uploads\/2024\/04\/SonicakeLogo-150x150.png 150w\" sizes=\"auto, (max-width: 320px) 100vw, 320px\" \/><\/a><\/figure>\n<\/div>\n\n\n\n<div class=\"wp-block-column is-layout-flow wp-block-column-is-layout-flow\">\n<p><strong>Sonicake!<\/strong> Excelente calidad en <em>pedales de efectos<\/em> y los mejores precios en el mercado! Porque hacer m\u00fasica no deberia estar condicionado por el dinero que tengas, as\u00edque mira los pedales que hay y usa el cup\u00f3n <strong>&#8220;NOCTURNOS&#8221;<\/strong> para un descuento extra!!! y disfruta haciendo TU M\u00fasica!<\/p>\n<\/div>\n\n\n\n<div class=\"wp-block-column is-layout-flow wp-block-column-is-layout-flow\"><\/div>\n<\/div>\n","protected":false},"excerpt":{"rendered":"<p>Bienvenidos a nuestra tienda online! aqu\u00ed podras obtener todo el merch dedicado a nuestro programa! Y tambien instrumentos, Pedales, Accesorios y todo lo relacionado a crear M\u00fasica! Desde ya AGRADECEMOS tu apoyo incondicional al comprar en nuestra tienda propia nos ayudas a poder mejorar el programa y las actividades que podamos realizar! MUCHAS GRACIAS! Sonicake! [&hellip;]<\/p>\n","protected":false},"author":1,"featured_media":0,"parent":0,"menu_order":0,"comment_status":"closed","ping_status":"closed","template":"","meta":{"om_disable_all_campaigns":false,"_monsterinsights_skip_tracking":false,"_monsterinsights_sitenote_active":false,"_monsterinsights_sitenote_note":"","_monsterinsights_sitenote_category":0,"footnotes":""},"class_list":["post-12","page","type-page","status-publish","hentry"],"_links":{"self":[{"href":"https:\/\/nocturnosrockshow.com\/index.php\/wp-json\/wp\/v2\/pages\/12","targetHints":{"allow":["GET"]}}],"collection":[{"href":"https:\/\/nocturnosrockshow.com\/index.php\/wp-json\/wp\/v2\/pages"}],"about":[{"href":"https:\/\/nocturnosrockshow.com\/index.php\/wp-json\/wp\/v2\/types\/page"}],"author":[{"embeddable":true,"href":"https:\/\/nocturnosrockshow.com\/index.php\/wp-json\/wp\/v2\/users\/1"}],"replies":[{"embeddable":true,"href":"https:\/\/nocturnosrockshow.com\/index.php\/wp-json\/wp\/v2\/comments?post=12"}],"version-history":[{"count":12,"href":"https:\/\/nocturnosrockshow.com\/index.php\/wp-json\/wp\/v2\/pages\/12\/revisions"}],"predecessor-version":[{"id":240,"href":"https:\/\/nocturnosrockshow.com\/index.php\/wp-json\/wp\/v2\/pages\/12\/revisions\/240"}],"wp:attachment":[{"href":"https:\/\/nocturnosrockshow.com\/index.php\/wp-json\/wp\/v2\/media?parent=12"}],"curies":[{"name":"wp","href":"https:\/\/api.w.org\/{rel}","templated":true}]}}